{"id":2448,"date":"2026-04-19T05:40:11","date_gmt":"2026-04-19T05:40:11","guid":{"rendered":"https:\/\/abelha-supersonica.org\/?page_id=2448"},"modified":"2026-04-19T05:50:06","modified_gmt":"2026-04-19T05:50:06","slug":"modular-first-steps","status":"publish","type":"page","link":"https:\/\/abelha-supersonica.org\/?page_id=2448","title":{"rendered":"Modular &#8211; first steps"},"content":{"rendered":"\n<p><strong>2026 &#8211; To celebrate the 10 years anniversary of <a href=\"https:\/\/www.superbooth.com\/de\/\" target=\"_blank\" rel=\"noreferrer noopener\">SUPERBOOTH<\/a> in Berlin, I\u2019m sharing a little series of mine&#8230;<\/strong><\/p>\n\n\n\n<p><strong>Modular Sessions \u2013 from scratch<\/strong><br>Four live sessions on a modular system \u2013 starting from zero each time, nothing patched, everything open. As a beginner with Modular creation, I explore step by step how sound emerges and evolves live: raw, noisy, dirty. No focus on perfection, but on time, space, and slow processes. An honest insight into patching and improvisation \u2013 from the first cable to sound.<\/p>\n\n\n\n<p><strong>Modular Sessions \u2013 from scratch<\/strong><br>Vier Live-Sessions aus dem Modularsystem \u2013 jedes Mal bei null gestartet, nichts verkabelt, alles offen. Als Beginnerin am Modularsystem erkunde ich Schritt f\u00fcr Schritt, wie Kl\u00e4nge entstehen und sich live entwickeln: roh, noisig, dirty. Ohne Perfektionsanspruch, daf\u00fcr mit Zeit, Raum und auch langwierigen Prozessen. Ein ehrlicher Einblick ins Patchen und Improvisieren \u2013 vom ersten Kabel bis zum Sound.<\/p>\n\n\n\n<figure class=\"wp-block-embed is-type-video is-provider-youtube wp-block-embed-youtube wp-embed-aspect-16-9 wp-has-aspect-ratio\"><div class=\"wp-block-embed__wrapper\">\n<iframe loading=\"lazy\" title=\"1. Session Modular-System - for Beginners und Nerds - total improv territory - NO PLAN JUST SOUND!\" width=\"640\" height=\"360\" src=\"https:\/\/www.youtube.com\/embed\/8mciTt2DqsE?list=PLi6LiZmcyc52rp9qSd0QejgIGbO8LHoju\" frameborder=\"0\" allow=\"accelerometer; autoplay; clipboard-write; encrypted-media; gyroscope; picture-in-picture; web-share\" referrerpolicy=\"strict-origin-when-cross-origin\" allowfullscreen><\/iframe>\n<\/div><\/figure>\n\n\n\n<p>Used Instruments: small set of modulars, Commander &#8211; Koma Elektronik, Sonicware &#8211; Texture Lab, MX &#8211; 1 &#8211; Roland AIRA, AN200 &#8211; Yamaha<\/p>\n","protected":false},"excerpt":{"rendered":"<p>2026 &#8211; To celebrate the 10 years anniversary of SUPERBOOTH in Berlin, I\u2019m sharing a little series of mine&#8230; Modular Sessions \u2013 from scratchFour live sessions on a modular system \u2013 starting from zero each time, nothing patched, everything open. As a beginner with Modular creation, I explore step by step how sound emerges and [&hellip;]<\/p>\n","protected":false},"author":1,"featured_media":0,"parent":0,"menu_order":0,"comment_status":"closed","ping_status":"closed","template":"","meta":{"footnotes":""},"class_list":["post-2448","page","type-page","status-publish","hentry"],"_links":{"self":[{"href":"https:\/\/abelha-supersonica.org\/index.php?rest_route=\/wp\/v2\/pages\/2448","targetHints":{"allow":["GET"]}}],"collection":[{"href":"https:\/\/abelha-supersonica.org\/index.php?rest_route=\/wp\/v2\/pages"}],"about":[{"href":"https:\/\/abelha-supersonica.org\/index.php?rest_route=\/wp\/v2\/types\/page"}],"author":[{"embeddable":true,"href":"https:\/\/abelha-supersonica.org\/index.php?rest_route=\/wp\/v2\/users\/1"}],"replies":[{"embeddable":true,"href":"https:\/\/abelha-supersonica.org\/index.php?rest_route=%2Fwp%2Fv2%2Fcomments&post=2448"}],"version-history":[{"count":8,"href":"https:\/\/abelha-supersonica.org\/index.php?rest_route=\/wp\/v2\/pages\/2448\/revisions"}],"predecessor-version":[{"id":2457,"href":"https:\/\/abelha-supersonica.org\/index.php?rest_route=\/wp\/v2\/pages\/2448\/revisions\/2457"}],"wp:attachment":[{"href":"https:\/\/abelha-supersonica.org\/index.php?rest_route=%2Fwp%2Fv2%2Fmedia&parent=2448"}],"curies":[{"name":"wp","href":"https:\/\/api.w.org\/{rel}","templated":true}]}}