{"id":2256,"date":"2025-11-19T12:26:47","date_gmt":"2025-11-19T12:26:47","guid":{"rendered":"https:\/\/abelha-supersonica.org\/?page_id=2256"},"modified":"2025-11-19T20:53:46","modified_gmt":"2025-11-19T20:53:46","slug":"sound-plants-klangpflanzen","status":"publish","type":"page","link":"https:\/\/abelha-supersonica.org\/?page_id=2256","title":{"rendered":"Sound Plants &#8211; Klangpflanzen"},"content":{"rendered":"\n<h2 class=\"wp-block-heading\"><strong>Sound Plants \u2013 Haptic Sound Objects Between Nature, Technology &amp; Imagination<\/strong><\/h2>\n\n\n\n<p>Sound Plants\u00a0are hand-crafted, playable sound objects \u2013 simple \u201csound flowers\u201d made from craft wood, recycled materials, and small resonant structures. Each plant carries its own acoustic identity: sometimes as a membranophone, chordophone, idiophone, or an organic hybrid of them all.<\/p>\n\n\n\n<p>Installed in a room, they invite visitors\u00a0from the very young to the very old\u00a0to explore sound through the body: touching, stroking, rubbing, tapping, swinging. It is an analog, sensory way of discovering the world through listening, feeling, and physical resonance.<\/p>\n\n\n\n<p>Using\u00a0piezo pickups, the delicate vibrations of each plant are amplified \u2013 and often shaped further through\u00a0sound effectsthat stretch, transform, or layer the tones. This opens up sonic spaces that extend far beyond the material object itself: immersive, unexpected universes of sound, detached from the familiar rhythms of everyday life.<\/p>\n\n\n\n<p>The plants become portals, drawing players into poetic acoustic worlds while sharpening their awareness of what resonance can be. At the same time, they create a\u00a0shared sonic environment\u00a0in which people improvise, experiment, and naturally fall into dialogue through sound.<\/p>\n\n\n\n<p>Sound Plants\u00a0combine playful curiosity with artistic research \u2013 haptic, exploratory, interactive, and always fostering connection and collective creativity.<\/p>\n\n\n\n<figure class=\"wp-block-gallery has-nested-images columns-default is-cropped wp-block-gallery-1 is-layout-flex wp-block-gallery-is-layout-flex\">\n<figure class=\"wp-block-image size-large\"><a href=\"https:\/\/abelha-supersonica.org\/wp-content\/uploads\/2025\/10\/IMG_8355-scaled.jpeg\"><img decoding=\"async\" data-id=\"2141\" src=\"https:\/\/abelha-supersonica.org\/wp-content\/uploads\/2025\/10\/IMG_8355-1024x768.jpeg\" alt=\"\" class=\"wp-image-2141\"\/><\/a><\/figure>\n\n\n\n<figure class=\"wp-block-image size-large\"><a href=\"https:\/\/abelha-supersonica.org\/wp-content\/uploads\/2025\/10\/IMG_8344-scaled.jpeg\"><img loading=\"lazy\" decoding=\"async\" width=\"768\" height=\"1024\" data-id=\"2140\" src=\"https:\/\/abelha-supersonica.org\/wp-content\/uploads\/2025\/10\/IMG_8344-768x1024.jpeg\" alt=\"\" class=\"wp-image-2140\" srcset=\"https:\/\/abelha-supersonica.org\/wp-content\/uploads\/2025\/10\/IMG_8344-768x1024.jpeg 768w, https:\/\/abelha-supersonica.org\/wp-content\/uploads\/2025\/10\/IMG_8344-225x300.jpeg 225w, https:\/\/abelha-supersonica.org\/wp-content\/uploads\/2025\/10\/IMG_8344-1152x1536.jpeg 1152w, https:\/\/abelha-supersonica.org\/wp-content\/uploads\/2025\/10\/IMG_8344-1536x2048.jpeg 1536w, https:\/\/abelha-supersonica.org\/wp-content\/uploads\/2025\/10\/IMG_8344-scaled.jpeg 1920w\" sizes=\"auto, (max-width: 768px) 100vw, 768px\" \/><\/a><\/figure>\n\n\n\n<figure class=\"wp-block-image size-large\"><a href=\"https:\/\/abelha-supersonica.org\/wp-content\/uploads\/2025\/04\/IMG_4134.jpeg\"><img loading=\"lazy\" decoding=\"async\" width=\"1024\" height=\"768\" data-id=\"2021\" src=\"https:\/\/abelha-supersonica.org\/wp-content\/uploads\/2025\/04\/IMG_4134-1024x768.jpeg\" alt=\"\" class=\"wp-image-2021\" srcset=\"https:\/\/abelha-supersonica.org\/wp-content\/uploads\/2025\/04\/IMG_4134-1024x768.jpeg 1024w, https:\/\/abelha-supersonica.org\/wp-content\/uploads\/2025\/04\/IMG_4134-300x225.jpeg 300w, https:\/\/abelha-supersonica.org\/wp-content\/uploads\/2025\/04\/IMG_4134-768x576.jpeg 768w, https:\/\/abelha-supersonica.org\/wp-content\/uploads\/2025\/04\/IMG_4134-1536x1152.jpeg 1536w, https:\/\/abelha-supersonica.org\/wp-content\/uploads\/2025\/04\/IMG_4134.jpeg 2048w\" sizes=\"auto, (max-width: 1024px) 100vw, 1024px\" \/><\/a><\/figure>\n\n\n\n<figure class=\"wp-block-image size-large\"><a href=\"https:\/\/abelha-supersonica.org\/wp-content\/uploads\/2025\/04\/IMG_9045-rotated.jpg\"><img loading=\"lazy\" decoding=\"async\" width=\"683\" height=\"1024\" data-id=\"2018\" src=\"https:\/\/abelha-supersonica.org\/wp-content\/uploads\/2025\/04\/IMG_9045-683x1024.jpg\" alt=\"\" class=\"wp-image-2018\" srcset=\"https:\/\/abelha-supersonica.org\/wp-content\/uploads\/2025\/04\/IMG_9045-683x1024.jpg 683w, https:\/\/abelha-supersonica.org\/wp-content\/uploads\/2025\/04\/IMG_9045-200x300.jpg 200w, https:\/\/abelha-supersonica.org\/wp-content\/uploads\/2025\/04\/IMG_9045-768x1152.jpg 768w, https:\/\/abelha-supersonica.org\/wp-content\/uploads\/2025\/04\/IMG_9045-1024x1536.jpg 1024w, https:\/\/abelha-supersonica.org\/wp-content\/uploads\/2025\/04\/IMG_9045-1365x2048.jpg 1365w, https:\/\/abelha-supersonica.org\/wp-content\/uploads\/2025\/04\/IMG_9045-rotated.jpg 1600w\" sizes=\"auto, (max-width: 683px) 100vw, 683px\" \/><\/a><\/figure>\n\n\n\n<figure class=\"wp-block-image size-large\"><a href=\"https:\/\/abelha-supersonica.org\/wp-content\/uploads\/2025\/04\/Bine-drums_leicht-unscharf-scaled.jpg\"><img loading=\"lazy\" decoding=\"async\" width=\"576\" height=\"1024\" data-id=\"2019\" src=\"https:\/\/abelha-supersonica.org\/wp-content\/uploads\/2025\/04\/Bine-drums_leicht-unscharf-576x1024.jpg\" alt=\"\" class=\"wp-image-2019\" srcset=\"https:\/\/abelha-supersonica.org\/wp-content\/uploads\/2025\/04\/Bine-drums_leicht-unscharf-576x1024.jpg 576w, https:\/\/abelha-supersonica.org\/wp-content\/uploads\/2025\/04\/Bine-drums_leicht-unscharf-169x300.jpg 169w, https:\/\/abelha-supersonica.org\/wp-content\/uploads\/2025\/04\/Bine-drums_leicht-unscharf-768x1365.jpg 768w, https:\/\/abelha-supersonica.org\/wp-content\/uploads\/2025\/04\/Bine-drums_leicht-unscharf-864x1536.jpg 864w, https:\/\/abelha-supersonica.org\/wp-content\/uploads\/2025\/04\/Bine-drums_leicht-unscharf-1153x2048.jpg 1153w, https:\/\/abelha-supersonica.org\/wp-content\/uploads\/2025\/04\/Bine-drums_leicht-unscharf-scaled.jpg 1441w\" sizes=\"auto, (max-width: 576px) 100vw, 576px\" \/><\/a><\/figure>\n\n\n\n<figure class=\"wp-block-image size-large\"><a href=\"https:\/\/abelha-supersonica.org\/wp-content\/uploads\/2025\/04\/IMG_9049-rotated.jpg\"><img loading=\"lazy\" decoding=\"async\" width=\"683\" height=\"1024\" data-id=\"2020\" src=\"https:\/\/abelha-supersonica.org\/wp-content\/uploads\/2025\/04\/IMG_9049-683x1024.jpg\" alt=\"\" class=\"wp-image-2020\" srcset=\"https:\/\/abelha-supersonica.org\/wp-content\/uploads\/2025\/04\/IMG_9049-683x1024.jpg 683w, https:\/\/abelha-supersonica.org\/wp-content\/uploads\/2025\/04\/IMG_9049-200x300.jpg 200w, https:\/\/abelha-supersonica.org\/wp-content\/uploads\/2025\/04\/IMG_9049-768x1152.jpg 768w, https:\/\/abelha-supersonica.org\/wp-content\/uploads\/2025\/04\/IMG_9049-1024x1536.jpg 1024w, https:\/\/abelha-supersonica.org\/wp-content\/uploads\/2025\/04\/IMG_9049-1365x2048.jpg 1365w, https:\/\/abelha-supersonica.org\/wp-content\/uploads\/2025\/04\/IMG_9049-rotated.jpg 1600w\" sizes=\"auto, (max-width: 683px) 100vw, 683px\" \/><\/a><\/figure>\n\n\n\n<figure class=\"wp-block-image size-large\"><a href=\"https:\/\/abelha-supersonica.org\/wp-content\/uploads\/2025\/04\/sound-Plants-scaled.jpeg\"><img loading=\"lazy\" decoding=\"async\" width=\"1024\" height=\"768\" data-id=\"1998\" src=\"https:\/\/abelha-supersonica.org\/wp-content\/uploads\/2025\/04\/sound-Plants-1024x768.jpeg\" alt=\"\" class=\"wp-image-1998\" srcset=\"https:\/\/abelha-supersonica.org\/wp-content\/uploads\/2025\/04\/sound-Plants-1024x768.jpeg 1024w, https:\/\/abelha-supersonica.org\/wp-content\/uploads\/2025\/04\/sound-Plants-300x225.jpeg 300w, https:\/\/abelha-supersonica.org\/wp-content\/uploads\/2025\/04\/sound-Plants-768x576.jpeg 768w, https:\/\/abelha-supersonica.org\/wp-content\/uploads\/2025\/04\/sound-Plants-1536x1152.jpeg 1536w, https:\/\/abelha-supersonica.org\/wp-content\/uploads\/2025\/04\/sound-Plants-2048x1536.jpeg 2048w\" sizes=\"auto, (max-width: 1024px) 100vw, 1024px\" \/><\/a><\/figure>\n\n\n\n<figure class=\"wp-block-image size-large\"><a href=\"https:\/\/abelha-supersonica.org\/wp-content\/uploads\/2025\/06\/IMG_8462-scaled.jpeg\"><img loading=\"lazy\" decoding=\"async\" width=\"1024\" height=\"768\" data-id=\"2169\" src=\"https:\/\/abelha-supersonica.org\/wp-content\/uploads\/2025\/06\/IMG_8462-1024x768.jpeg\" alt=\"\" class=\"wp-image-2169\" srcset=\"https:\/\/abelha-supersonica.org\/wp-content\/uploads\/2025\/06\/IMG_8462-1024x768.jpeg 1024w, https:\/\/abelha-supersonica.org\/wp-content\/uploads\/2025\/06\/IMG_8462-300x225.jpeg 300w, https:\/\/abelha-supersonica.org\/wp-content\/uploads\/2025\/06\/IMG_8462-768x576.jpeg 768w, https:\/\/abelha-supersonica.org\/wp-content\/uploads\/2025\/06\/IMG_8462-1536x1152.jpeg 1536w, https:\/\/abelha-supersonica.org\/wp-content\/uploads\/2025\/06\/IMG_8462-2048x1536.jpeg 2048w\" sizes=\"auto, (max-width: 1024px) 100vw, 1024px\" \/><\/a><\/figure>\n\n\n\n<figure class=\"wp-block-image size-large\"><a href=\"https:\/\/abelha-supersonica.org\/wp-content\/uploads\/2025\/06\/IMG_8466-scaled.jpeg\"><img loading=\"lazy\" decoding=\"async\" width=\"768\" height=\"1024\" data-id=\"2167\" src=\"https:\/\/abelha-supersonica.org\/wp-content\/uploads\/2025\/06\/IMG_8466-768x1024.jpeg\" alt=\"\" class=\"wp-image-2167\" srcset=\"https:\/\/abelha-supersonica.org\/wp-content\/uploads\/2025\/06\/IMG_8466-768x1024.jpeg 768w, https:\/\/abelha-supersonica.org\/wp-content\/uploads\/2025\/06\/IMG_8466-225x300.jpeg 225w, https:\/\/abelha-supersonica.org\/wp-content\/uploads\/2025\/06\/IMG_8466-1152x1536.jpeg 1152w, https:\/\/abelha-supersonica.org\/wp-content\/uploads\/2025\/06\/IMG_8466-1536x2048.jpeg 1536w, https:\/\/abelha-supersonica.org\/wp-content\/uploads\/2025\/06\/IMG_8466-scaled.jpeg 1920w\" sizes=\"auto, (max-width: 768px) 100vw, 768px\" \/><\/a><\/figure>\n\n\n\n<figure class=\"wp-block-image size-large\"><a href=\"https:\/\/abelha-supersonica.org\/wp-content\/uploads\/2025\/06\/IMG_8467-scaled.jpeg\"><img loading=\"lazy\" decoding=\"async\" width=\"768\" height=\"1024\" data-id=\"2168\" src=\"https:\/\/abelha-supersonica.org\/wp-content\/uploads\/2025\/06\/IMG_8467-768x1024.jpeg\" alt=\"\" class=\"wp-image-2168\" srcset=\"https:\/\/abelha-supersonica.org\/wp-content\/uploads\/2025\/06\/IMG_8467-768x1024.jpeg 768w, https:\/\/abelha-supersonica.org\/wp-content\/uploads\/2025\/06\/IMG_8467-225x300.jpeg 225w, https:\/\/abelha-supersonica.org\/wp-content\/uploads\/2025\/06\/IMG_8467-1152x1536.jpeg 1152w, https:\/\/abelha-supersonica.org\/wp-content\/uploads\/2025\/06\/IMG_8467-1536x2048.jpeg 1536w, https:\/\/abelha-supersonica.org\/wp-content\/uploads\/2025\/06\/IMG_8467-scaled.jpeg 1920w\" sizes=\"auto, (max-width: 768px) 100vw, 768px\" \/><\/a><\/figure>\n\n\n\n<figure class=\"wp-block-image size-large\"><a href=\"https:\/\/abelha-supersonica.org\/wp-content\/uploads\/2025\/06\/play-flower-1-scaled.jpeg\"><img loading=\"lazy\" decoding=\"async\" width=\"1024\" height=\"768\" data-id=\"2166\" src=\"https:\/\/abelha-supersonica.org\/wp-content\/uploads\/2025\/06\/play-flower-1-1024x768.jpeg\" alt=\"\" class=\"wp-image-2166\" srcset=\"https:\/\/abelha-supersonica.org\/wp-content\/uploads\/2025\/06\/play-flower-1-1024x768.jpeg 1024w, https:\/\/abelha-supersonica.org\/wp-content\/uploads\/2025\/06\/play-flower-1-300x225.jpeg 300w, https:\/\/abelha-supersonica.org\/wp-content\/uploads\/2025\/06\/play-flower-1-768x576.jpeg 768w, https:\/\/abelha-supersonica.org\/wp-content\/uploads\/2025\/06\/play-flower-1-1536x1152.jpeg 1536w, https:\/\/abelha-supersonica.org\/wp-content\/uploads\/2025\/06\/play-flower-1-2048x1536.jpeg 2048w\" sizes=\"auto, (max-width: 1024px) 100vw, 1024px\" \/><\/a><\/figure>\n\n\n\n<figure class=\"wp-block-image size-large\"><a href=\"https:\/\/abelha-supersonica.org\/wp-content\/uploads\/2025\/06\/play-flower-scaled.jpeg\"><img loading=\"lazy\" decoding=\"async\" width=\"1024\" height=\"768\" data-id=\"2165\" src=\"https:\/\/abelha-supersonica.org\/wp-content\/uploads\/2025\/06\/play-flower-1024x768.jpeg\" alt=\"\" class=\"wp-image-2165\" srcset=\"https:\/\/abelha-supersonica.org\/wp-content\/uploads\/2025\/06\/play-flower-1024x768.jpeg 1024w, https:\/\/abelha-supersonica.org\/wp-content\/uploads\/2025\/06\/play-flower-300x225.jpeg 300w, https:\/\/abelha-supersonica.org\/wp-content\/uploads\/2025\/06\/play-flower-768x576.jpeg 768w, https:\/\/abelha-supersonica.org\/wp-content\/uploads\/2025\/06\/play-flower-1536x1152.jpeg 1536w, https:\/\/abelha-supersonica.org\/wp-content\/uploads\/2025\/06\/play-flower-2048x1536.jpeg 2048w\" sizes=\"auto, (max-width: 1024px) 100vw, 1024px\" \/><\/a><\/figure>\n<\/figure>\n\n\n\n<h2 class=\"wp-block-heading\"><strong>Klangpflanzen \u2013 Haptische Soundobjekte zwischen Natur, Technik und Fantasie<\/strong><\/h2>\n\n\n\n<p>Klangpflanzen\u00a0sind von mir handgefertigte, spielbare Klangobjekte \u2013 einfache \u201eKlangblumen\u201c aus Bastelholz, recycelten Materialien und kleinen Resonanzk\u00f6rpern. Jede Pflanze besitzt ihre eigene akustische Identit\u00e4t: mal als Membranophon, Chordophon, Idiophon oder als organische Mischung daraus.<\/p>\n\n\n\n<p>Im Raum installiert laden sie Besucher:innen\u00a0von den ganz Kleinen bis ins hohe Alter\u00a0ein, Klang \u00fcber den eigenen K\u00f6rper zu entdecken: ber\u00fchren, reiben, streichen, schwingen, klopfen. Ein analoges, unmittelbares Erkunden der Welt durch H\u00f6ren, F\u00fchlen, Sp\u00fcren.<\/p>\n\n\n\n<p>\u00dcber\u00a0Piezo-Tonabnehmer\u00a0werden die feinen Vibrationen der Pflanzen verst\u00e4rkt \u2013 und oft durch\u00a0Effektger\u00e4te verfremdet, gedehnt oder verflochten. So \u00f6ffnen sich Klangr\u00e4ume, die weit \u00fcber das Ausgangsmaterial hinausreichen: ein Eintauchen in ungeahnte akustische Universen, fernab des Allt\u00e4glichen.<\/p>\n\n\n\n<p>Die Pflanzen werden so zu Portalen: Sie f\u00fchren die Spielenden in fremde, poetische Klangwelten und sch\u00e4rfen die Wahrnehmung f\u00fcr das, was Resonanz sein kann. Gleichzeitig entsteht ein\u00a0sozialer Soundraum, in dem Menschen gemeinsam improvisieren, experimentieren und miteinander in Kontakt kommen.<\/p>\n\n\n\n<p>Klangpflanzen\u00a0verbinden spielerische Neugier mit k\u00fcnstlerischer Forschung \u2013 haptisch, explorativ, interaktiv und immer auf Gemeinschaft ausgerichtet.<\/p>\n","protected":false},"excerpt":{"rendered":"<p>Sound Plants \u2013 Haptic Sound Objects Between Nature, Technology &amp; Imagination Sound Plants\u00a0are hand-crafted, playable sound objects \u2013 simple \u201csound flowers\u201d made from craft wood, recycled materials, and small resonant structures. Each plant carries its own acoustic identity: sometimes as a membranophone, chordophone, idiophone, or an organic hybrid of them all. Installed in a room, [&hellip;]<\/p>\n","protected":false},"author":1,"featured_media":2262,"parent":0,"menu_order":0,"comment_status":"closed","ping_status":"closed","template":"","meta":{"footnotes":""},"class_list":["post-2256","page","type-page","status-publish","has-post-thumbnail","hentry"],"_links":{"self":[{"href":"https:\/\/abelha-supersonica.org\/index.php?rest_route=\/wp\/v2\/pages\/2256","targetHints":{"allow":["GET"]}}],"collection":[{"href":"https:\/\/abelha-supersonica.org\/index.php?rest_route=\/wp\/v2\/pages"}],"about":[{"href":"https:\/\/abelha-supersonica.org\/index.php?rest_route=\/wp\/v2\/types\/page"}],"author":[{"embeddable":true,"href":"https:\/\/abelha-supersonica.org\/index.php?rest_route=\/wp\/v2\/users\/1"}],"replies":[{"embeddable":true,"href":"https:\/\/abelha-supersonica.org\/index.php?rest_route=%2Fwp%2Fv2%2Fcomments&post=2256"}],"version-history":[{"count":1,"href":"https:\/\/abelha-supersonica.org\/index.php?rest_route=\/wp\/v2\/pages\/2256\/revisions"}],"predecessor-version":[{"id":2257,"href":"https:\/\/abelha-supersonica.org\/index.php?rest_route=\/wp\/v2\/pages\/2256\/revisions\/2257"}],"wp:featuredmedia":[{"embeddable":true,"href":"https:\/\/abelha-supersonica.org\/index.php?rest_route=\/wp\/v2\/media\/2262"}],"wp:attachment":[{"href":"https:\/\/abelha-supersonica.org\/index.php?rest_route=%2Fwp%2Fv2%2Fmedia&parent=2256"}],"curies":[{"name":"wp","href":"https:\/\/api.w.org\/{rel}","templated":true}]}}