{"id":2233,"date":"2025-11-19T10:53:40","date_gmt":"2025-11-19T10:53:40","guid":{"rendered":"https:\/\/abelha-supersonica.org\/?page_id=2233"},"modified":"2025-11-19T21:01:08","modified_gmt":"2025-11-19T21:01:08","slug":"common-sound-research-klangforschung","status":"publish","type":"page","link":"https:\/\/abelha-supersonica.org\/?page_id=2233","title":{"rendered":"Common Sound research &#8211; Klangforschung"},"content":{"rendered":"\n<h2 class=\"wp-block-heading\">Intergenerational Sound Research \u2013 Dialoging Arts, Ulm <\/h2>\n\n\n\n<p><strong>(german version below)<\/strong><\/p>\n\n\n\n<p>During my three-week residency in September 2025 the Ulm district of Eselsberg, I worked with residents of all generations \u2013\u00a0from the very young to the very old\u00a0\u2013 to explore the soundscape of the neighborhood. Together we walked through the area, listened closely, collected noises, voices, and memories, and entered into a shared dialogue.<\/p>\n\n\n\n<p>In a mindful and respectful atmosphere, we opened a space where people of all ages could share their perceptions, discover something new, and approach sound in a playful, exploratory way. Through collective experimentation, improvisation, and listening research, we gradually developed a unique soundscape of Eselsberg \u2013 shaped by the rhythms, stories, and lived experiences of the community.<\/p>\n\n\n\n<p>The results of our sound work were then integrated into the final exhibition\u00a0<em>In Kontakt Kommen<\/em>, where they became live and tangible for the neighborhood. Visitors could hear and experience the sound spaces we created as an artistic trace of our shared encounters.<\/p>\n\n\n\n<p>For me, this intergenerational sound research was a deeply collaborative process: art as a space of encounter, sound as connection, and research as a shared experience.<\/p>\n\n\n\n<figure class=\"wp-block-gallery has-nested-images columns-default is-cropped wp-block-gallery-1 is-layout-flex wp-block-gallery-is-layout-flex\">\n<figure class=\"wp-block-image size-large\"><a href=\"https:\/\/abelha-supersonica.org\/wp-content\/uploads\/2025\/10\/IMG_8339-scaled.jpeg\"><img loading=\"lazy\" decoding=\"async\" width=\"768\" height=\"1024\" data-id=\"2137\" src=\"https:\/\/abelha-supersonica.org\/wp-content\/uploads\/2025\/10\/IMG_8339-768x1024.jpeg\" alt=\"\" class=\"wp-image-2137\" srcset=\"https:\/\/abelha-supersonica.org\/wp-content\/uploads\/2025\/10\/IMG_8339-768x1024.jpeg 768w, https:\/\/abelha-supersonica.org\/wp-content\/uploads\/2025\/10\/IMG_8339-225x300.jpeg 225w, https:\/\/abelha-supersonica.org\/wp-content\/uploads\/2025\/10\/IMG_8339-1152x1536.jpeg 1152w, https:\/\/abelha-supersonica.org\/wp-content\/uploads\/2025\/10\/IMG_8339-1536x2048.jpeg 1536w, https:\/\/abelha-supersonica.org\/wp-content\/uploads\/2025\/10\/IMG_8339-scaled.jpeg 1920w\" sizes=\"auto, (max-width: 768px) 100vw, 768px\" \/><\/a><\/figure>\n\n\n\n<figure class=\"wp-block-image size-large\"><a href=\"https:\/\/abelha-supersonica.org\/wp-content\/uploads\/2025\/10\/IMG_8444-scaled.jpeg\"><img loading=\"lazy\" decoding=\"async\" width=\"768\" height=\"1024\" data-id=\"2144\" src=\"https:\/\/abelha-supersonica.org\/wp-content\/uploads\/2025\/10\/IMG_8444-768x1024.jpeg\" alt=\"\" class=\"wp-image-2144\" srcset=\"https:\/\/abelha-supersonica.org\/wp-content\/uploads\/2025\/10\/IMG_8444-768x1024.jpeg 768w, https:\/\/abelha-supersonica.org\/wp-content\/uploads\/2025\/10\/IMG_8444-225x300.jpeg 225w, https:\/\/abelha-supersonica.org\/wp-content\/uploads\/2025\/10\/IMG_8444-1152x1536.jpeg 1152w, https:\/\/abelha-supersonica.org\/wp-content\/uploads\/2025\/10\/IMG_8444-1536x2048.jpeg 1536w, https:\/\/abelha-supersonica.org\/wp-content\/uploads\/2025\/10\/IMG_8444-scaled.jpeg 1920w\" sizes=\"auto, (max-width: 768px) 100vw, 768px\" \/><\/a><\/figure>\n\n\n\n<figure class=\"wp-block-image size-large\"><a href=\"https:\/\/abelha-supersonica.org\/wp-content\/uploads\/2025\/10\/Schlangen-haengen-2-scaled.jpeg\"><img loading=\"lazy\" decoding=\"async\" width=\"768\" height=\"1024\" data-id=\"2130\" src=\"https:\/\/abelha-supersonica.org\/wp-content\/uploads\/2025\/10\/Schlangen-haengen-2-768x1024.jpeg\" alt=\"\" class=\"wp-image-2130\" srcset=\"https:\/\/abelha-supersonica.org\/wp-content\/uploads\/2025\/10\/Schlangen-haengen-2-768x1024.jpeg 768w, https:\/\/abelha-supersonica.org\/wp-content\/uploads\/2025\/10\/Schlangen-haengen-2-225x300.jpeg 225w, https:\/\/abelha-supersonica.org\/wp-content\/uploads\/2025\/10\/Schlangen-haengen-2-1152x1536.jpeg 1152w, https:\/\/abelha-supersonica.org\/wp-content\/uploads\/2025\/10\/Schlangen-haengen-2-1536x2048.jpeg 1536w, https:\/\/abelha-supersonica.org\/wp-content\/uploads\/2025\/10\/Schlangen-haengen-2-scaled.jpeg 1920w\" sizes=\"auto, (max-width: 768px) 100vw, 768px\" \/><\/a><\/figure>\n\n\n\n<figure class=\"wp-block-image size-large\"><a href=\"https:\/\/abelha-supersonica.org\/wp-content\/uploads\/2025\/10\/Schlangen-Making-off-scaled.jpg\"><img loading=\"lazy\" decoding=\"async\" width=\"769\" height=\"1024\" data-id=\"2134\" src=\"https:\/\/abelha-supersonica.org\/wp-content\/uploads\/2025\/10\/Schlangen-Making-off-769x1024.jpg\" alt=\"\" class=\"wp-image-2134\" srcset=\"https:\/\/abelha-supersonica.org\/wp-content\/uploads\/2025\/10\/Schlangen-Making-off-769x1024.jpg 769w, https:\/\/abelha-supersonica.org\/wp-content\/uploads\/2025\/10\/Schlangen-Making-off-225x300.jpg 225w, https:\/\/abelha-supersonica.org\/wp-content\/uploads\/2025\/10\/Schlangen-Making-off-768x1023.jpg 768w, https:\/\/abelha-supersonica.org\/wp-content\/uploads\/2025\/10\/Schlangen-Making-off-1153x1536.jpg 1153w, https:\/\/abelha-supersonica.org\/wp-content\/uploads\/2025\/10\/Schlangen-Making-off-1538x2048.jpg 1538w, https:\/\/abelha-supersonica.org\/wp-content\/uploads\/2025\/10\/Schlangen-Making-off-scaled.jpg 1922w\" sizes=\"auto, (max-width: 769px) 100vw, 769px\" \/><\/a><\/figure>\n\n\n\n<figure class=\"wp-block-image size-large\"><a href=\"https:\/\/abelha-supersonica.org\/wp-content\/uploads\/2025\/10\/Schlangen-Fuellung-scaled.jpeg\"><img loading=\"lazy\" decoding=\"async\" width=\"768\" height=\"1024\" data-id=\"2129\" src=\"https:\/\/abelha-supersonica.org\/wp-content\/uploads\/2025\/10\/Schlangen-Fuellung-768x1024.jpeg\" alt=\"\" class=\"wp-image-2129\" srcset=\"https:\/\/abelha-supersonica.org\/wp-content\/uploads\/2025\/10\/Schlangen-Fuellung-768x1024.jpeg 768w, https:\/\/abelha-supersonica.org\/wp-content\/uploads\/2025\/10\/Schlangen-Fuellung-225x300.jpeg 225w, https:\/\/abelha-supersonica.org\/wp-content\/uploads\/2025\/10\/Schlangen-Fuellung-1152x1536.jpeg 1152w, https:\/\/abelha-supersonica.org\/wp-content\/uploads\/2025\/10\/Schlangen-Fuellung-1536x2048.jpeg 1536w, https:\/\/abelha-supersonica.org\/wp-content\/uploads\/2025\/10\/Schlangen-Fuellung-scaled.jpeg 1920w\" sizes=\"auto, (max-width: 768px) 100vw, 768px\" \/><\/a><\/figure>\n\n\n\n<figure class=\"wp-block-image size-large\"><a href=\"https:\/\/abelha-supersonica.org\/wp-content\/uploads\/2025\/10\/PXL_20250919_135407296-scaled.jpg\"><img loading=\"lazy\" decoding=\"async\" width=\"769\" height=\"1024\" data-id=\"2126\" src=\"https:\/\/abelha-supersonica.org\/wp-content\/uploads\/2025\/10\/PXL_20250919_135407296-769x1024.jpg\" alt=\"\" class=\"wp-image-2126\" srcset=\"https:\/\/abelha-supersonica.org\/wp-content\/uploads\/2025\/10\/PXL_20250919_135407296-769x1024.jpg 769w, https:\/\/abelha-supersonica.org\/wp-content\/uploads\/2025\/10\/PXL_20250919_135407296-225x300.jpg 225w, https:\/\/abelha-supersonica.org\/wp-content\/uploads\/2025\/10\/PXL_20250919_135407296-768x1023.jpg 768w, https:\/\/abelha-supersonica.org\/wp-content\/uploads\/2025\/10\/PXL_20250919_135407296-1153x1536.jpg 1153w, https:\/\/abelha-supersonica.org\/wp-content\/uploads\/2025\/10\/PXL_20250919_135407296-1538x2048.jpg 1538w, https:\/\/abelha-supersonica.org\/wp-content\/uploads\/2025\/10\/PXL_20250919_135407296-scaled.jpg 1922w\" sizes=\"auto, (max-width: 769px) 100vw, 769px\" \/><\/a><\/figure>\n\n\n\n<figure class=\"wp-block-image size-large\"><a href=\"https:\/\/abelha-supersonica.org\/wp-content\/uploads\/2025\/10\/PXL_20250919_135401331-scaled.jpg\"><img loading=\"lazy\" decoding=\"async\" width=\"1024\" height=\"769\" data-id=\"2125\" src=\"https:\/\/abelha-supersonica.org\/wp-content\/uploads\/2025\/10\/PXL_20250919_135401331-1024x769.jpg\" alt=\"\" class=\"wp-image-2125\" srcset=\"https:\/\/abelha-supersonica.org\/wp-content\/uploads\/2025\/10\/PXL_20250919_135401331-1024x769.jpg 1024w, https:\/\/abelha-supersonica.org\/wp-content\/uploads\/2025\/10\/PXL_20250919_135401331-300x225.jpg 300w, https:\/\/abelha-supersonica.org\/wp-content\/uploads\/2025\/10\/PXL_20250919_135401331-768x577.jpg 768w, https:\/\/abelha-supersonica.org\/wp-content\/uploads\/2025\/10\/PXL_20250919_135401331-1536x1153.jpg 1536w, https:\/\/abelha-supersonica.org\/wp-content\/uploads\/2025\/10\/PXL_20250919_135401331-2048x1538.jpg 2048w\" sizes=\"auto, (max-width: 1024px) 100vw, 1024px\" \/><\/a><\/figure>\n\n\n\n<figure class=\"wp-block-image size-large\"><a href=\"https:\/\/abelha-supersonica.org\/wp-content\/uploads\/2025\/10\/PXL_20250919_135412300-scaled.jpg\"><img loading=\"lazy\" decoding=\"async\" width=\"769\" height=\"1024\" data-id=\"2127\" src=\"https:\/\/abelha-supersonica.org\/wp-content\/uploads\/2025\/10\/PXL_20250919_135412300-769x1024.jpg\" alt=\"\" class=\"wp-image-2127\" srcset=\"https:\/\/abelha-supersonica.org\/wp-content\/uploads\/2025\/10\/PXL_20250919_135412300-769x1024.jpg 769w, https:\/\/abelha-supersonica.org\/wp-content\/uploads\/2025\/10\/PXL_20250919_135412300-225x300.jpg 225w, https:\/\/abelha-supersonica.org\/wp-content\/uploads\/2025\/10\/PXL_20250919_135412300-768x1023.jpg 768w, https:\/\/abelha-supersonica.org\/wp-content\/uploads\/2025\/10\/PXL_20250919_135412300-1153x1536.jpg 1153w, https:\/\/abelha-supersonica.org\/wp-content\/uploads\/2025\/10\/PXL_20250919_135412300-1538x2048.jpg 1538w, https:\/\/abelha-supersonica.org\/wp-content\/uploads\/2025\/10\/PXL_20250919_135412300-scaled.jpg 1922w\" sizes=\"auto, (max-width: 769px) 100vw, 769px\" \/><\/a><\/figure>\n\n\n\n<figure class=\"wp-block-image size-large\"><a href=\"https:\/\/abelha-supersonica.org\/wp-content\/uploads\/2025\/10\/Holz-blume-schneiden-scaled.jpeg\"><img loading=\"lazy\" decoding=\"async\" width=\"768\" height=\"1024\" data-id=\"2128\" src=\"https:\/\/abelha-supersonica.org\/wp-content\/uploads\/2025\/10\/Holz-blume-schneiden-768x1024.jpeg\" alt=\"\" class=\"wp-image-2128\" srcset=\"https:\/\/abelha-supersonica.org\/wp-content\/uploads\/2025\/10\/Holz-blume-schneiden-768x1024.jpeg 768w, https:\/\/abelha-supersonica.org\/wp-content\/uploads\/2025\/10\/Holz-blume-schneiden-225x300.jpeg 225w, https:\/\/abelha-supersonica.org\/wp-content\/uploads\/2025\/10\/Holz-blume-schneiden-1152x1536.jpeg 1152w, https:\/\/abelha-supersonica.org\/wp-content\/uploads\/2025\/10\/Holz-blume-schneiden-1536x2048.jpeg 1536w, https:\/\/abelha-supersonica.org\/wp-content\/uploads\/2025\/10\/Holz-blume-schneiden-scaled.jpeg 1920w\" sizes=\"auto, (max-width: 768px) 100vw, 768px\" \/><\/a><\/figure>\n\n\n\n<figure class=\"wp-block-image size-large\"><a href=\"https:\/\/abelha-supersonica.org\/wp-content\/uploads\/2025\/10\/Kupfer_Partizipation2-scaled.jpeg\"><img loading=\"lazy\" decoding=\"async\" width=\"768\" height=\"1024\" data-id=\"2121\" src=\"https:\/\/abelha-supersonica.org\/wp-content\/uploads\/2025\/10\/Kupfer_Partizipation2-768x1024.jpeg\" alt=\"\" class=\"wp-image-2121\" srcset=\"https:\/\/abelha-supersonica.org\/wp-content\/uploads\/2025\/10\/Kupfer_Partizipation2-768x1024.jpeg 768w, https:\/\/abelha-supersonica.org\/wp-content\/uploads\/2025\/10\/Kupfer_Partizipation2-225x300.jpeg 225w, https:\/\/abelha-supersonica.org\/wp-content\/uploads\/2025\/10\/Kupfer_Partizipation2-1152x1536.jpeg 1152w, https:\/\/abelha-supersonica.org\/wp-content\/uploads\/2025\/10\/Kupfer_Partizipation2-1536x2048.jpeg 1536w, https:\/\/abelha-supersonica.org\/wp-content\/uploads\/2025\/10\/Kupfer_Partizipation2-scaled.jpeg 1920w\" sizes=\"auto, (max-width: 768px) 100vw, 768px\" \/><\/a><\/figure>\n\n\n\n<figure class=\"wp-block-image size-large\"><a href=\"https:\/\/abelha-supersonica.org\/wp-content\/uploads\/2025\/10\/Kupfer_Partizipation1-scaled.jpeg\"><img loading=\"lazy\" decoding=\"async\" width=\"1024\" height=\"768\" data-id=\"2120\" src=\"https:\/\/abelha-supersonica.org\/wp-content\/uploads\/2025\/10\/Kupfer_Partizipation1-1024x768.jpeg\" alt=\"\" class=\"wp-image-2120\" srcset=\"https:\/\/abelha-supersonica.org\/wp-content\/uploads\/2025\/10\/Kupfer_Partizipation1-1024x768.jpeg 1024w, https:\/\/abelha-supersonica.org\/wp-content\/uploads\/2025\/10\/Kupfer_Partizipation1-300x225.jpeg 300w, https:\/\/abelha-supersonica.org\/wp-content\/uploads\/2025\/10\/Kupfer_Partizipation1-768x576.jpeg 768w, https:\/\/abelha-supersonica.org\/wp-content\/uploads\/2025\/10\/Kupfer_Partizipation1-1536x1152.jpeg 1536w, https:\/\/abelha-supersonica.org\/wp-content\/uploads\/2025\/10\/Kupfer_Partizipation1-2048x1536.jpeg 2048w\" sizes=\"auto, (max-width: 1024px) 100vw, 1024px\" \/><\/a><\/figure>\n\n\n\n<figure class=\"wp-block-image size-large\"><a href=\"https:\/\/abelha-supersonica.org\/wp-content\/uploads\/2025\/10\/Playtron-Exploration-scaled.jpg\"><img loading=\"lazy\" decoding=\"async\" width=\"1024\" height=\"769\" data-id=\"2115\" src=\"https:\/\/abelha-supersonica.org\/wp-content\/uploads\/2025\/10\/Playtron-Exploration-1024x769.jpg\" alt=\"\" class=\"wp-image-2115\" srcset=\"https:\/\/abelha-supersonica.org\/wp-content\/uploads\/2025\/10\/Playtron-Exploration-1024x769.jpg 1024w, https:\/\/abelha-supersonica.org\/wp-content\/uploads\/2025\/10\/Playtron-Exploration-300x225.jpg 300w, https:\/\/abelha-supersonica.org\/wp-content\/uploads\/2025\/10\/Playtron-Exploration-768x577.jpg 768w, https:\/\/abelha-supersonica.org\/wp-content\/uploads\/2025\/10\/Playtron-Exploration-1536x1153.jpg 1536w, https:\/\/abelha-supersonica.org\/wp-content\/uploads\/2025\/10\/Playtron-Exploration-2048x1538.jpg 2048w\" sizes=\"auto, (max-width: 1024px) 100vw, 1024px\" \/><\/a><\/figure>\n\n\n\n<figure class=\"wp-block-image size-large\"><a href=\"https:\/\/abelha-supersonica.org\/wp-content\/uploads\/2025\/10\/Knete-Day-1-scaled.jpg\"><img loading=\"lazy\" decoding=\"async\" width=\"1024\" height=\"769\" data-id=\"2119\" src=\"https:\/\/abelha-supersonica.org\/wp-content\/uploads\/2025\/10\/Knete-Day-1-1024x769.jpg\" alt=\"\" class=\"wp-image-2119\" srcset=\"https:\/\/abelha-supersonica.org\/wp-content\/uploads\/2025\/10\/Knete-Day-1-1024x769.jpg 1024w, https:\/\/abelha-supersonica.org\/wp-content\/uploads\/2025\/10\/Knete-Day-1-300x225.jpg 300w, https:\/\/abelha-supersonica.org\/wp-content\/uploads\/2025\/10\/Knete-Day-1-768x577.jpg 768w, https:\/\/abelha-supersonica.org\/wp-content\/uploads\/2025\/10\/Knete-Day-1-1536x1153.jpg 1536w, https:\/\/abelha-supersonica.org\/wp-content\/uploads\/2025\/10\/Knete-Day-1-2048x1538.jpg 2048w\" sizes=\"auto, (max-width: 1024px) 100vw, 1024px\" \/><\/a><\/figure>\n\n\n\n<figure class=\"wp-block-image size-large\"><a href=\"https:\/\/abelha-supersonica.org\/wp-content\/uploads\/2025\/10\/Interview-Thomas-scaled.jpg\"><img loading=\"lazy\" decoding=\"async\" width=\"769\" height=\"1024\" data-id=\"2117\" src=\"https:\/\/abelha-supersonica.org\/wp-content\/uploads\/2025\/10\/Interview-Thomas-769x1024.jpg\" alt=\"\" class=\"wp-image-2117\" srcset=\"https:\/\/abelha-supersonica.org\/wp-content\/uploads\/2025\/10\/Interview-Thomas-769x1024.jpg 769w, https:\/\/abelha-supersonica.org\/wp-content\/uploads\/2025\/10\/Interview-Thomas-225x300.jpg 225w, https:\/\/abelha-supersonica.org\/wp-content\/uploads\/2025\/10\/Interview-Thomas-768x1023.jpg 768w, https:\/\/abelha-supersonica.org\/wp-content\/uploads\/2025\/10\/Interview-Thomas-1153x1536.jpg 1153w, https:\/\/abelha-supersonica.org\/wp-content\/uploads\/2025\/10\/Interview-Thomas-1538x2048.jpg 1538w, https:\/\/abelha-supersonica.org\/wp-content\/uploads\/2025\/10\/Interview-Thomas-scaled.jpg 1922w\" sizes=\"auto, (max-width: 769px) 100vw, 769px\" \/><\/a><\/figure>\n\n\n\n<figure class=\"wp-block-image size-large\"><a href=\"https:\/\/abelha-supersonica.org\/wp-content\/uploads\/2025\/10\/Playtron-Tisch_Material-scaled.jpg\"><img loading=\"lazy\" decoding=\"async\" width=\"1024\" height=\"769\" data-id=\"2124\" src=\"https:\/\/abelha-supersonica.org\/wp-content\/uploads\/2025\/10\/Playtron-Tisch_Material-1024x769.jpg\" alt=\"\" class=\"wp-image-2124\" srcset=\"https:\/\/abelha-supersonica.org\/wp-content\/uploads\/2025\/10\/Playtron-Tisch_Material-1024x769.jpg 1024w, https:\/\/abelha-supersonica.org\/wp-content\/uploads\/2025\/10\/Playtron-Tisch_Material-300x225.jpg 300w, https:\/\/abelha-supersonica.org\/wp-content\/uploads\/2025\/10\/Playtron-Tisch_Material-768x577.jpg 768w, https:\/\/abelha-supersonica.org\/wp-content\/uploads\/2025\/10\/Playtron-Tisch_Material-1536x1153.jpg 1536w, https:\/\/abelha-supersonica.org\/wp-content\/uploads\/2025\/10\/Playtron-Tisch_Material-2048x1538.jpg 2048w\" sizes=\"auto, (max-width: 1024px) 100vw, 1024px\" \/><\/a><\/figure>\n\n\n\n<figure class=\"wp-block-image size-large\"><a href=\"https:\/\/abelha-supersonica.org\/wp-content\/uploads\/2025\/10\/Interview_Day1.jpg\"><img loading=\"lazy\" decoding=\"async\" width=\"768\" height=\"1024\" data-id=\"2118\" src=\"https:\/\/abelha-supersonica.org\/wp-content\/uploads\/2025\/10\/Interview_Day1-768x1024.jpg\" alt=\"\" class=\"wp-image-2118\" srcset=\"https:\/\/abelha-supersonica.org\/wp-content\/uploads\/2025\/10\/Interview_Day1-768x1024.jpg 768w, https:\/\/abelha-supersonica.org\/wp-content\/uploads\/2025\/10\/Interview_Day1-225x300.jpg 225w, https:\/\/abelha-supersonica.org\/wp-content\/uploads\/2025\/10\/Interview_Day1-1152x1536.jpg 1152w, https:\/\/abelha-supersonica.org\/wp-content\/uploads\/2025\/10\/Interview_Day1.jpg 1200w\" sizes=\"auto, (max-width: 768px) 100vw, 768px\" \/><\/a><\/figure>\n\n\n\n<figure class=\"wp-block-image size-large\"><a href=\"https:\/\/abelha-supersonica.org\/wp-content\/uploads\/2025\/10\/Malaction-und-Pics_2.Woche_-scaled.jpeg\"><img loading=\"lazy\" decoding=\"async\" width=\"768\" height=\"1024\" data-id=\"2122\" src=\"https:\/\/abelha-supersonica.org\/wp-content\/uploads\/2025\/10\/Malaction-und-Pics_2.Woche_-768x1024.jpeg\" alt=\"\" class=\"wp-image-2122\" srcset=\"https:\/\/abelha-supersonica.org\/wp-content\/uploads\/2025\/10\/Malaction-und-Pics_2.Woche_-768x1024.jpeg 768w, https:\/\/abelha-supersonica.org\/wp-content\/uploads\/2025\/10\/Malaction-und-Pics_2.Woche_-225x300.jpeg 225w, https:\/\/abelha-supersonica.org\/wp-content\/uploads\/2025\/10\/Malaction-und-Pics_2.Woche_-1152x1536.jpeg 1152w, https:\/\/abelha-supersonica.org\/wp-content\/uploads\/2025\/10\/Malaction-und-Pics_2.Woche_-1536x2048.jpeg 1536w, https:\/\/abelha-supersonica.org\/wp-content\/uploads\/2025\/10\/Malaction-und-Pics_2.Woche_-scaled.jpeg 1920w\" sizes=\"auto, (max-width: 768px) 100vw, 768px\" \/><\/a><\/figure>\n\n\n\n<figure class=\"wp-block-image size-large\"><a href=\"https:\/\/abelha-supersonica.org\/wp-content\/uploads\/2025\/11\/IMG_8304-scaled.jpeg\"><img loading=\"lazy\" decoding=\"async\" width=\"1024\" height=\"768\" data-id=\"2236\" src=\"https:\/\/abelha-supersonica.org\/wp-content\/uploads\/2025\/11\/IMG_8304-1024x768.jpeg\" alt=\"\" class=\"wp-image-2236\" srcset=\"https:\/\/abelha-supersonica.org\/wp-content\/uploads\/2025\/11\/IMG_8304-1024x768.jpeg 1024w, https:\/\/abelha-supersonica.org\/wp-content\/uploads\/2025\/11\/IMG_8304-300x225.jpeg 300w, https:\/\/abelha-supersonica.org\/wp-content\/uploads\/2025\/11\/IMG_8304-768x576.jpeg 768w, https:\/\/abelha-supersonica.org\/wp-content\/uploads\/2025\/11\/IMG_8304-1536x1152.jpeg 1536w, https:\/\/abelha-supersonica.org\/wp-content\/uploads\/2025\/11\/IMG_8304-2048x1536.jpeg 2048w\" sizes=\"auto, (max-width: 1024px) 100vw, 1024px\" \/><\/a><\/figure>\n<\/figure>\n\n\n\n<h2 class=\"wp-block-heading\"><strong>Generations\u00fcbergreifende Klangforschung \u2013 Dialoging Arts, Ulm <\/strong><\/h2>\n\n\n\n<p>W\u00e4hrend meiner dreiw\u00f6chigen Residenz im September 2025 im Ulmer Stadtteil Eselsberg habe ich gemeinsam mit Bewohner:innen aller Generationen \u2013\u00a0von den ganz Kleinen bis ins hohe Alter\u00a0\u2013 den Klang des Viertels erforscht. Wir zogen durch den Kiez, h\u00f6rten genau hin, sammelten Ger\u00e4usche, Stimmen und Erinnerungen und kamen dar\u00fcber in einen offenen Austausch.<\/p>\n\n\n\n<p>In einer achtsamen, wertsch\u00e4tzenden Atmosph\u00e4re entstand ein Raum, in dem Menschen unterschiedlichsten Alters ihre Wahrnehmung teilen, Neues entdecken und sich spielerisch auf Klang einlassen konnten. Durch gemeinsames Experimentieren, Improvisieren und Forschen entwickelte sich Schritt f\u00fcr Schritt eine eigene Klangkulisse des Eselsbergs \u2013 gepr\u00e4gt von den Lebensrhythmen und Geschichten der Menschen vor Ort.<\/p>\n\n\n\n<p>Die Ergebnisse unserer Klangarbeit wurden schlie\u00dflich in die Abschlussausstellung\u00a0<em>In Kontakt Kommen<\/em>\u00a0integriert und dort f\u00fcr den Kiez live erfahrbar. Besucher:innen konnten die entstandenen Klangr\u00e4ume h\u00f6ren, sp\u00fcren und als k\u00fcnstlerische Spur unserer gemeinsamen Begegnungen erleben.<\/p>\n\n\n\n<p>F\u00fcr mich war diese generations\u00fcbergreifende Klangforschung ein intensiver Prozess des Miteinanders: Kunst als Begegnung, Klang als Verbindung und Forschung als gemeinsames Erleben.<\/p>\n","protected":false},"excerpt":{"rendered":"<p>Intergenerational Sound Research \u2013 Dialoging Arts, Ulm (german version below) During my three-week residency in September 2025 the Ulm district of Eselsberg, I worked with residents of all generations \u2013\u00a0from the very young to the very old\u00a0\u2013 to explore the soundscape of the neighborhood. Together we walked through the area, listened closely, collected noises, voices, [&hellip;]<\/p>\n","protected":false},"author":1,"featured_media":2263,"parent":0,"menu_order":0,"comment_status":"closed","ping_status":"closed","template":"","meta":{"footnotes":""},"class_list":["post-2233","page","type-page","status-publish","has-post-thumbnail","hentry"],"_links":{"self":[{"href":"https:\/\/abelha-supersonica.org\/index.php?rest_route=\/wp\/v2\/pages\/2233","targetHints":{"allow":["GET"]}}],"collection":[{"href":"https:\/\/abelha-supersonica.org\/index.php?rest_route=\/wp\/v2\/pages"}],"about":[{"href":"https:\/\/abelha-supersonica.org\/index.php?rest_route=\/wp\/v2\/types\/page"}],"author":[{"embeddable":true,"href":"https:\/\/abelha-supersonica.org\/index.php?rest_route=\/wp\/v2\/users\/1"}],"replies":[{"embeddable":true,"href":"https:\/\/abelha-supersonica.org\/index.php?rest_route=%2Fwp%2Fv2%2Fcomments&post=2233"}],"version-history":[{"count":3,"href":"https:\/\/abelha-supersonica.org\/index.php?rest_route=\/wp\/v2\/pages\/2233\/revisions"}],"predecessor-version":[{"id":2264,"href":"https:\/\/abelha-supersonica.org\/index.php?rest_route=\/wp\/v2\/pages\/2233\/revisions\/2264"}],"wp:featuredmedia":[{"embeddable":true,"href":"https:\/\/abelha-supersonica.org\/index.php?rest_route=\/wp\/v2\/media\/2263"}],"wp:attachment":[{"href":"https:\/\/abelha-supersonica.org\/index.php?rest_route=%2Fwp%2Fv2%2Fmedia&parent=2233"}],"curies":[{"name":"wp","href":"https:\/\/api.w.org\/{rel}","templated":true}]}}