{"id":899,"date":"2024-04-28T11:14:37","date_gmt":"2024-04-28T11:14:37","guid":{"rendered":"https:\/\/abelha-supersonica.org\/?page_id=899"},"modified":"2024-11-21T06:10:19","modified_gmt":"2024-11-21T06:10:19","slug":"sound-works","status":"publish","type":"page","link":"http:\/\/abelha-supersonica.org\/?page_id=899","title":{"rendered":"SOUND WORKS"},"content":{"rendered":"\n<figure class=\"wp-block-embed aligncenter is-type-wp-embed is-provider-abelha-supers-nica wp-block-embed-abelha-supers-nica\"><div class=\"wp-block-embed__wrapper\">\n<blockquote class=\"wp-embedded-content\" data-secret=\"SJ4nz7SUqP\"><a href=\"https:\/\/abelha-supersonica.org\/?p=1569\">Die Bakchen<\/a><\/blockquote><iframe loading=\"lazy\" class=\"wp-embedded-content\" sandbox=\"allow-scripts\" security=\"restricted\" style=\"position: absolute; visibility: hidden;\" title=\"&#8222;Die Bakchen&#8220; &#8212; ARTige Welt - performative World\" src=\"https:\/\/abelha-supersonica.org\/?p=1569&#038;embed=true#?secret=njJsZ2KW0V#?secret=SJ4nz7SUqP\" data-secret=\"SJ4nz7SUqP\" width=\"600\" height=\"338\" frameborder=\"0\" marginwidth=\"0\" marginheight=\"0\" scrolling=\"no\"><\/iframe>\n<\/div><\/figure>\n\n\n\n<div class=\"wp-block-columns is-layout-flex wp-container-core-columns-is-layout-9d6595d7 wp-block-columns-is-layout-flex\">\n<div class=\"wp-block-column is-layout-flow wp-block-column-is-layout-flow\">\n<figure class=\"wp-block-embed aligncenter is-type-wp-embed is-provider-abelha-supers-nica wp-block-embed-abelha-supers-nica\"><div class=\"wp-block-embed__wrapper\">\n<blockquote class=\"wp-embedded-content\" data-secret=\"GZhILXJwq2\"><a href=\"https:\/\/abelha-supersonica.org\/?p=512\">&#8222;Tree of Sounds&#8220;<\/a><\/blockquote><iframe loading=\"lazy\" class=\"wp-embedded-content\" sandbox=\"allow-scripts\" security=\"restricted\" style=\"position: absolute; clip: rect(1px, 1px, 1px, 1px);\" title=\"&#8222;&#8222;Tree of Sounds&#8220;&#8220; &#8212; ARTige performative Welt\" src=\"https:\/\/abelha-supersonica.org\/?p=512&#038;embed=true#?secret=FHTRULhbJx#?secret=GZhILXJwq2\" data-secret=\"GZhILXJwq2\" width=\"600\" height=\"338\" frameborder=\"0\" marginwidth=\"0\" marginheight=\"0\" scrolling=\"no\"><\/iframe>\n<\/div><\/figure>\n<\/div>\n<\/div>\n\n\n\n<div class=\"wp-block-group\"><div class=\"wp-block-group__inner-container is-layout-constrained wp-block-group-is-layout-constrained\">\n<div class=\"wp-block-columns is-layout-flex wp-container-core-columns-is-layout-9d6595d7 wp-block-columns-is-layout-flex\">\n<div class=\"wp-block-column is-layout-flow wp-block-column-is-layout-flow\" style=\"flex-basis:66.66%\">\n<figure class=\"wp-block-embed is-type-wp-embed is-provider-abelha-supers-nica wp-block-embed-abelha-supers-nica\"><div class=\"wp-block-embed__wrapper\">\n<blockquote class=\"wp-embedded-content\" data-secret=\"BtSumCSX4E\"><a href=\"https:\/\/abelha-supersonica.org\/?p=521\">&#8222;Ickes Leveltrip&#8220;- H\u00f6rspiel<\/a><\/blockquote><iframe loading=\"lazy\" class=\"wp-embedded-content\" sandbox=\"allow-scripts\" security=\"restricted\" style=\"position: absolute; clip: rect(1px, 1px, 1px, 1px);\" title=\"&#8222;&#8222;Ickes Leveltrip&#8220;- H\u00f6rspiel&#8220; &#8212; ARTige performative Welt\" src=\"https:\/\/abelha-supersonica.org\/?p=521&#038;embed=true#?secret=PxyLIZqVQJ#?secret=BtSumCSX4E\" data-secret=\"BtSumCSX4E\" width=\"600\" height=\"338\" frameborder=\"0\" marginwidth=\"0\" marginheight=\"0\" scrolling=\"no\"><\/iframe>\n<\/div><\/figure>\n<\/div>\n\n\n\n<div class=\"wp-block-column is-layout-flow wp-block-column-is-layout-flow\" style=\"flex-basis:33.33%\">\n<figure class=\"wp-block-embed is-type-rich is-provider-soundcloud wp-block-embed-soundcloud\"><div class=\"wp-block-embed__wrapper\">\n<iframe loading=\"lazy\" title=\"Icke\u00b4s LEVELTRIP ein H\u00f6rspiel von Abelha Supers\u00f3nica 10:05:2011 by Abelha Supers\u00f3nica\" width=\"640\" height=\"400\" scrolling=\"no\" frameborder=\"no\" src=\"https:\/\/w.soundcloud.com\/player\/?visual=true&#038;url=https%3A%2F%2Fapi.soundcloud.com%2Ftracks%2F46043983&#038;show_artwork=true&#038;maxheight=960&#038;maxwidth=640\"><\/iframe>\n<\/div><\/figure>\n<\/div>\n<\/div>\n<\/div><\/div>\n\n\n\n<div class=\"wp-block-columns is-layout-flex wp-container-core-columns-is-layout-9d6595d7 wp-block-columns-is-layout-flex\">\n<div class=\"wp-block-column is-layout-flow wp-block-column-is-layout-flow\" style=\"flex-basis:66.66%\">\n<figure class=\"wp-block-embed is-type-wp-embed is-provider-abelha-supers-nica wp-block-embed-abelha-supers-nica\"><div class=\"wp-block-embed__wrapper\">\n<blockquote class=\"wp-embedded-content\" data-secret=\"NbUAZTeUIP\"><a href=\"https:\/\/abelha-supersonica.org\/?p=517\">&#8222;Schattenlicht&#8220;<\/a><\/blockquote><iframe loading=\"lazy\" class=\"wp-embedded-content\" sandbox=\"allow-scripts\" security=\"restricted\" style=\"position: absolute; clip: rect(1px, 1px, 1px, 1px);\" title=\"&#8222;&#8222;Schattenlicht&#8220;&#8220; &#8212; ARTige performative Welt\" src=\"https:\/\/abelha-supersonica.org\/?p=517&#038;embed=true#?secret=XFUyejbnfK#?secret=NbUAZTeUIP\" data-secret=\"NbUAZTeUIP\" width=\"600\" height=\"338\" frameborder=\"0\" marginwidth=\"0\" marginheight=\"0\" scrolling=\"no\"><\/iframe>\n<\/div><\/figure>\n<\/div>\n\n\n\n<div class=\"wp-block-column is-layout-flow wp-block-column-is-layout-flow\" style=\"flex-basis:33.33%\">\n<figure class=\"wp-block-embed is-type-rich is-provider-soundcloud wp-block-embed-soundcloud\"><div class=\"wp-block-embed__wrapper\">\n<iframe loading=\"lazy\" title=\"Schattenlicht Bandprojekt  Nov. 2020 by Abelha Supers\u00f3nica\" width=\"640\" height=\"400\" scrolling=\"no\" frameborder=\"no\" src=\"https:\/\/w.soundcloud.com\/player\/?visual=true&#038;url=https%3A%2F%2Fapi.soundcloud.com%2Ftracks%2F1301977735&#038;show_artwork=true&#038;maxheight=960&#038;maxwidth=640\"><\/iframe>\n<\/div><\/figure>\n<\/div>\n<\/div>\n","protected":false},"excerpt":{"rendered":"","protected":false},"author":1,"featured_media":0,"parent":0,"menu_order":3,"comment_status":"closed","ping_status":"closed","template":"","meta":{"footnotes":""},"class_list":["post-899","page","type-page","status-publish","hentry"],"_links":{"self":[{"href":"http:\/\/abelha-supersonica.org\/index.php?rest_route=\/wp\/v2\/pages\/899","targetHints":{"allow":["GET"]}}],"collection":[{"href":"http:\/\/abelha-supersonica.org\/index.php?rest_route=\/wp\/v2\/pages"}],"about":[{"href":"http:\/\/abelha-supersonica.org\/index.php?rest_route=\/wp\/v2\/types\/page"}],"author":[{"embeddable":true,"href":"http:\/\/abelha-supersonica.org\/index.php?rest_route=\/wp\/v2\/users\/1"}],"replies":[{"embeddable":true,"href":"http:\/\/abelha-supersonica.org\/index.php?rest_route=%2Fwp%2Fv2%2Fcomments&post=899"}],"version-history":[{"count":34,"href":"http:\/\/abelha-supersonica.org\/index.php?rest_route=\/wp\/v2\/pages\/899\/revisions"}],"predecessor-version":[{"id":1701,"href":"http:\/\/abelha-supersonica.org\/index.php?rest_route=\/wp\/v2\/pages\/899\/revisions\/1701"}],"wp:attachment":[{"href":"http:\/\/abelha-supersonica.org\/index.php?rest_route=%2Fwp%2Fv2%2Fmedia&parent=899"}],"curies":[{"name":"wp","href":"https:\/\/api.w.org\/{rel}","templated":true}]}}